{"id":113,"date":"2026-03-26T20:09:47","date_gmt":"2026-03-26T19:09:47","guid":{"rendered":"https:\/\/www.koller-wirt.at\/?page_id=113"},"modified":"2026-03-26T20:24:14","modified_gmt":"2026-03-26T19:24:14","slug":"impressum","status":"publish","type":"page","link":"https:\/\/www.koller-wirt.at\/?page_id=113","title":{"rendered":"Impressum"},"content":{"rendered":"<p>[et_pb_section fb_built=&#8220;1&#8243; custom_padding_last_edited=&#8220;on|phone&#8220; _builder_version=&#8220;4.27.6&#8243; background_color=&#8220;#FFFFFF&#8220; background_image=&#8220;https:\/\/www.koller-wirt.at\/wp-content\/uploads\/2026\/03\/design-space-paper-textured-backgroundd.jpg&#8220; custom_padding=&#8220;116px||69px|||&#8220; custom_padding_tablet=&#8220;||69px|||&#8220; custom_padding_phone=&#8220;0px||0px||false|false&#8220; global_colors_info=&#8220;{}&#8220;][et_pb_row custom_padding_last_edited=&#8220;on|phone&#8220; module_id=&#8220;home&#8220; module_class=&#8220;home&#8220; _builder_version=&#8220;4.27.6&#8243; width_tablet=&#8220;&#8220; width_phone=&#8220;100%&#8220; width_last_edited=&#8220;on|phone&#8220; custom_padding=&#8220;18px||72px|||&#8220; custom_padding_tablet=&#8220;||38px||false|false&#8220; custom_padding_phone=&#8220;50px||0px||false|false&#8220; global_colors_info=&#8220;{}&#8220;][et_pb_column type=&#8220;4_4&#8243; _builder_version=&#8220;4.27.5&#8243; global_colors_info=&#8220;{}&#8220;][et_pb_text _builder_version=&#8220;4.27.6&#8243; text_font=&#8220;Mulish||||||||&#8220; text_text_color=&#8220;#000000&#8243; text_font_size=&#8220;18px&#8220; text_line_height=&#8220;1.1em&#8220; width=&#8220;100%&#8220; width_tablet=&#8220;100%&#8220; width_phone=&#8220;85%&#8220; width_last_edited=&#8220;on|phone&#8220; module_alignment=&#8220;left&#8220; custom_margin=&#8220;||57px||false|false&#8220; hover_enabled=&#8220;0&#8243; text_font_size_tablet=&#8220;20px&#8220; text_font_size_phone=&#8220;17px&#8220; text_font_size_last_edited=&#8220;on|phone&#8220; module_alignment_tablet=&#8220;left&#8220; module_alignment_phone=&#8220;center&#8220; module_alignment_last_edited=&#8220;on|phone&#8220; global_colors_info=&#8220;{}&#8220; sticky_enabled=&#8220;0&#8243;]<\/p>\n<div>\n<div>\n<div>\n<h2>Impressum:<\/h2>\n<p>Melanie Reicher<br \/>Neustift 24<br \/>8353 Kapfenstein<br \/>\u00d6sterreich<\/p>\n<p>Tel.: <a href=\"tel:00436644655699\">+43 (664) 46 55 699<\/a><br \/>E-Mail: <a href=\"mailto:office@koller-wirt.at\">office@koller-wirt.at<\/a><\/p>\n<p>UID Nummer:<\/p>\n<p>Beh\u00f6rde gem\u00e4\u00df ECG: Bezirkshauptmannschaft Bad Gleichenberg<\/p>\n<p>Unternehmensgegenstand: Gastronomie<a href=\"mailto:office@katharinahafner.at\"><\/a><\/p>\n<p>&nbsp;<\/p>\n<h2>CMS und Webdesign:<\/h2>\n<p>Katharina Hafner<\/p>\n<\/div>\n<\/div>\n<\/div>\n<p>[\/et_pb_text][\/et_pb_column][\/et_pb_row][\/et_pb_section]<\/p>\n","protected":false},"excerpt":{"rendered":"<p>Impressum: Melanie ReicherNeustift 248353 Kapfenstein\u00d6sterreich Tel.: +43 (664) 46 55 699E-Mail: office@koller-wirt.at UID Nummer: Beh\u00f6rde gem\u00e4\u00df ECG: Bezirkshauptmannschaft Bad Gleichenberg Unternehmensgegenstand: Gastronomie &nbsp; CMS und Webdesign: Katharina Hafner<\/p>\n","protected":false},"author":1,"featured_media":0,"parent":0,"menu_order":0,"comment_status":"closed","ping_status":"closed","template":"","meta":{"_et_pb_use_builder":"on","_et_pb_old_content":"","_et_gb_content_width":"","footnotes":""},"class_list":["post-113","page","type-page","status-publish","hentry"],"_links":{"self":[{"href":"https:\/\/www.koller-wirt.at\/index.php?rest_route=\/wp\/v2\/pages\/113","targetHints":{"allow":["GET"]}}],"collection":[{"href":"https:\/\/www.koller-wirt.at\/index.php?rest_route=\/wp\/v2\/pages"}],"about":[{"href":"https:\/\/www.koller-wirt.at\/index.php?rest_route=\/wp\/v2\/types\/page"}],"author":[{"embeddable":true,"href":"https:\/\/www.koller-wirt.at\/index.php?rest_route=\/wp\/v2\/users\/1"}],"replies":[{"embeddable":true,"href":"https:\/\/www.koller-wirt.at\/index.php?rest_route=%2Fwp%2Fv2%2Fcomments&post=113"}],"version-history":[{"count":4,"href":"https:\/\/www.koller-wirt.at\/index.php?rest_route=\/wp\/v2\/pages\/113\/revisions"}],"predecessor-version":[{"id":134,"href":"https:\/\/www.koller-wirt.at\/index.php?rest_route=\/wp\/v2\/pages\/113\/revisions\/134"}],"wp:attachment":[{"href":"https:\/\/www.koller-wirt.at\/index.php?rest_route=%2Fwp%2Fv2%2Fmedia&parent=113"}],"curies":[{"name":"wp","href":"https:\/\/api.w.org\/{rel}","templated":true}]}}